{"id":1347,"date":"2021-11-29T10:06:34","date_gmt":"2021-11-29T13:06:34","guid":{"rendered":"https:\/\/www.mipasaportepolaco.com\/?page_id=1347"},"modified":"2025-04-25T18:12:38","modified_gmt":"2025-04-25T21:12:38","slug":"calificas-para-la-ciudadania-polaca","status":"publish","type":"page","link":"https:\/\/mipasaportepolaco.com.ar\/en\/calificas-para-la-ciudadania-polaca\/","title":{"rendered":"Calificas"},"content":{"rendered":"<div data-elementor-type=\"wp-page\" data-elementor-id=\"1347\" class=\"elementor elementor-1347\" data-elementor-post-type=\"page\">\n\t\t\t\t\t\t<section class=\"elementor-section elementor-top-section elementor-element elementor-element-2de80e1 elementor-section-boxed elementor-section-height-default elementor-section-height-default\" data-id=\"2de80e1\" data-element_type=\"section\">\n\t\t\t\t\t\t<div class=\"elementor-container elementor-column-gap-default\">\n\t\t\t\t\t<div class=\"elementor-column elementor-col-100 elementor-top-column elementor-element elementor-element-444dcee7\" data-id=\"444dcee7\" data-element_type=\"column\">\n\t\t\t<div class=\"elementor-widget-wrap elementor-element-populated\">\n\t\t\t\t\t\t<div class=\"elementor-element elementor-element-515f7311 elementor-widget elementor-widget-text-editor\" data-id=\"515f7311\" data-element_type=\"widget\" data-widget_type=\"text-editor.default\">\n\t\t\t\t<div class=\"elementor-widget-container\">\n\t\t\t\t\t\t\t\t\t<p><\/p>\n<h1 style=\"font-size: 2em;\">Calificas para obtener tu ciudadan\u00eda!<\/h1>\n<p><\/p>\t\t\t\t\t\t\t\t<\/div>\n\t\t\t\t<\/div>\n\t\t\t\t<div class=\"elementor-element elementor-element-47a6c8ab elementor-widget elementor-widget-text-editor\" data-id=\"47a6c8ab\" data-element_type=\"widget\" data-widget_type=\"text-editor.default\">\n\t\t\t\t<div class=\"elementor-widget-container\">\n\t\t\t\t\t\t\t\t\t<p>Felicitaciones! Calificas para obtener la ciudadan\u00eda Polaca!\u00a0<\/p>\t\t\t\t\t\t\t\t<\/div>\n\t\t\t\t<\/div>\n\t\t\t\t<div class=\"elementor-element elementor-element-4fe66f9 elementor-widget elementor-widget-text-editor\" data-id=\"4fe66f9\" data-element_type=\"widget\" data-widget_type=\"text-editor.default\">\n\t\t\t\t<div class=\"elementor-widget-container\">\n\t\t\t\t\t\t\t\t\t<p>Te invitamos a reservar<br \/>una entrevista telef\u00f3nica gratuita para hablar sobre los detalles de tu caso y poder presupuestar la gesti\u00f3n.<br \/>El turno lo reservas ac\u00e1 mismo en esta web.<br \/>Es importante tener todos los documentos que dispongas a mano para poder contestar<br \/>las preguntas que surjan de los datos que proporcionaste en la evaluaci\u00f3n.<\/p>\t\t\t\t\t\t\t\t<\/div>\n\t\t\t\t<\/div>\n\t\t\t\t\t<\/div>\n\t\t<\/div>\n\t\t\t\t\t<\/div>\n\t\t<\/section>\n\t\t\t\t<section class=\"elementor-section elementor-top-section elementor-element elementor-element-6cf392a0 elementor-section-boxed elementor-section-height-default elementor-section-height-default\" data-id=\"6cf392a0\" data-element_type=\"section\">\n\t\t\t\t\t\t<div class=\"elementor-container elementor-column-gap-default\">\n\t\t\t\t\t<div class=\"elementor-column elementor-col-100 elementor-top-column elementor-element elementor-element-7331b43b\" data-id=\"7331b43b\" data-element_type=\"column\">\n\t\t\t<div class=\"elementor-widget-wrap elementor-element-populated\">\n\t\t\t\t\t\t<div class=\"elementor-element elementor-element-7167ea82 elementor-align-center elementor-widget elementor-widget-button\" data-id=\"7167ea82\" data-element_type=\"widget\" data-widget_type=\"button.default\">\n\t\t\t\t<div class=\"elementor-widget-container\">\n\t\t\t\t\t\t\t\t\t<div class=\"elementor-button-wrapper\">\n\t\t\t\t\t<a class=\"elementor-button elementor-button-link elementor-size-sm\" href=\"https:\/\/mipasaportepolaco.com\/turnos\" target=\"_blank\" rel=\"noopener\">\n\t\t\t\t\t\t<span class=\"elementor-button-content-wrapper\">\n\t\t\t\t\t\t\t\t\t<span class=\"elementor-button-text\">SOLICITAR TURNO AC\u00c1<\/span>\n\t\t\t\t\t<\/span>\n\t\t\t\t\t<\/a>\n\t\t\t\t<\/div>\n\t\t\t\t\t\t\t\t<\/div>\n\t\t\t\t<\/div>\n\t\t\t\t\t<\/div>\n\t\t<\/div>\n\t\t\t\t\t<\/div>\n\t\t<\/section>\n\t\t\t\t<\/div>","protected":false},"excerpt":{"rendered":"<p>Calificas para obtener tu ciudadan\u00eda! Felicitaciones! Calificas para obtener la ciudadan\u00eda Polaca!\u00a0 Te invitamos a reservaruna entrevista telef\u00f3nica gratuita para hablar sobre los detalles de tu caso y poder presupuestar la gesti\u00f3n.El turno lo reservas ac\u00e1 mismo en esta web.Es importante tener todos los documentos que dispongas a mano para poder contestarlas preguntas que surjan [&hellip;]<\/p>","protected":false},"author":1,"featured_media":0,"parent":0,"menu_order":0,"comment_status":"closed","ping_status":"closed","template":"elementor_header_footer","meta":{"_joinchat":[],"footnotes":""},"class_list":["post-1347","page","type-page","status-publish","hentry"],"_links":{"self":[{"href":"https:\/\/mipasaportepolaco.com.ar\/en\/wp-json\/wp\/v2\/pages\/1347","targetHints":{"allow":["GET"]}}],"collection":[{"href":"https:\/\/mipasaportepolaco.com.ar\/en\/wp-json\/wp\/v2\/pages"}],"about":[{"href":"https:\/\/mipasaportepolaco.com.ar\/en\/wp-json\/wp\/v2\/types\/page"}],"author":[{"embeddable":true,"href":"https:\/\/mipasaportepolaco.com.ar\/en\/wp-json\/wp\/v2\/users\/1"}],"replies":[{"embeddable":true,"href":"https:\/\/mipasaportepolaco.com.ar\/en\/wp-json\/wp\/v2\/comments?post=1347"}],"version-history":[{"count":3,"href":"https:\/\/mipasaportepolaco.com.ar\/en\/wp-json\/wp\/v2\/pages\/1347\/revisions"}],"predecessor-version":[{"id":35191,"href":"https:\/\/mipasaportepolaco.com.ar\/en\/wp-json\/wp\/v2\/pages\/1347\/revisions\/35191"}],"wp:attachment":[{"href":"https:\/\/mipasaportepolaco.com.ar\/en\/wp-json\/wp\/v2\/media?parent=1347"}],"curies":[{"name":"wp","href":"https:\/\/api.w.org\/{rel}","templated":true}]}}