{"id":1365,"date":"2021-11-29T10:25:48","date_gmt":"2021-11-29T13:25:48","guid":{"rendered":"https:\/\/www.mipasaportepolaco.com\/?page_id=1365"},"modified":"2025-05-01T16:00:33","modified_gmt":"2025-05-01T19:00:33","slug":"no-reconocimiento","status":"publish","type":"page","link":"https:\/\/mipasaportepolaco.com.ar\/en\/no-reconocimiento\/","title":{"rendered":"No Reconocimiento"},"content":{"rendered":"<div data-elementor-type=\"wp-page\" data-elementor-id=\"1365\" class=\"elementor elementor-1365\" data-elementor-post-type=\"page\">\n\t\t\t\t\t\t<section class=\"elementor-section elementor-top-section elementor-element elementor-element-79260611 elementor-section-boxed elementor-section-height-default elementor-section-height-default\" data-id=\"79260611\" data-element_type=\"section\">\n\t\t\t\t\t\t<div class=\"elementor-container elementor-column-gap-default\">\n\t\t\t\t\t<div class=\"elementor-column elementor-col-100 elementor-top-column elementor-element elementor-element-1b55899\" data-id=\"1b55899\" data-element_type=\"column\">\n\t\t\t<div class=\"elementor-widget-wrap elementor-element-populated\">\n\t\t\t\t\t\t<div class=\"elementor-element elementor-element-5233051a elementor-widget elementor-widget-text-editor\" data-id=\"5233051a\" data-element_type=\"widget\" data-widget_type=\"text-editor.default\">\n\t\t\t\t<div class=\"elementor-widget-container\">\n\t\t\t\t\t\t\t\t\t<p>No Calificas para\u00a0 la ciudadan\u00eda. No reconocimiento de hijo dentro del primer a\u00f1o de vida.<br \/>La ley Polaca establece que para que el hombre le transmita la ciudadan\u00eda a su hijo <br \/>tiene que estar casado o m\u00ednimamente reconocer a su hijo como legitimo dentro del plazo <br \/>m\u00e1ximo de 1 a\u00f1o, caso contrario la ciudadan\u00eda depende de la madre del ni\u00f1o.<\/p>\t\t\t\t\t\t\t\t<\/div>\n\t\t\t\t<\/div>\n\t\t\t\t\t<\/div>\n\t\t<\/div>\n\t\t\t\t\t<\/div>\n\t\t<\/section>\n\t\t\t\t<section class=\"elementor-section elementor-top-section elementor-element elementor-element-233eb01 elementor-section-boxed elementor-section-height-default elementor-section-height-default\" data-id=\"233eb01\" data-element_type=\"section\">\n\t\t\t\t\t\t<div class=\"elementor-container elementor-column-gap-default\">\n\t\t\t\t\t<div class=\"elementor-column elementor-col-100 elementor-top-column elementor-element elementor-element-658987d\" data-id=\"658987d\" data-element_type=\"column\">\n\t\t\t<div class=\"elementor-widget-wrap elementor-element-populated\">\n\t\t\t\t\t\t<div class=\"elementor-element elementor-element-8ff0ec0 elementor-widget elementor-widget-text-editor\" data-id=\"8ff0ec0\" data-element_type=\"widget\" data-widget_type=\"text-editor.default\">\n\t\t\t\t<div class=\"elementor-widget-container\">\n\t\t\t\t\t\t\t\t\t<p>Si tenes otro familiar Polaco podes volver a realizar el Test a trav\u00e9s de otra linea familiar<\/p>\t\t\t\t\t\t\t\t<\/div>\n\t\t\t\t<\/div>\n\t\t\t\t\t<\/div>\n\t\t<\/div>\n\t\t\t\t\t<\/div>\n\t\t<\/section>\n\t\t\t\t<section class=\"elementor-section elementor-top-section elementor-element elementor-element-cdfb944 elementor-section-boxed elementor-section-height-default elementor-section-height-default\" data-id=\"cdfb944\" data-element_type=\"section\">\n\t\t\t\t\t\t<div class=\"elementor-container elementor-column-gap-default\">\n\t\t\t\t\t<div class=\"elementor-column elementor-col-100 elementor-top-column elementor-element elementor-element-1b1f168\" data-id=\"1b1f168\" data-element_type=\"column\">\n\t\t\t<div class=\"elementor-widget-wrap elementor-element-populated\">\n\t\t\t\t\t\t<div class=\"elementor-element elementor-element-db46ec7 elementor-align-center elementor-widget elementor-widget-button\" data-id=\"db46ec7\" data-element_type=\"widget\" data-widget_type=\"button.default\">\n\t\t\t\t<div class=\"elementor-widget-container\">\n\t\t\t\t\t\t\t\t\t<div class=\"elementor-button-wrapper\">\n\t\t\t\t\t<a class=\"elementor-button elementor-button-link elementor-size-sm\" href=\"https:\/\/mipasaportepolaco.com.ar\/en\/test-especifico\/\">\n\t\t\t\t\t\t<span class=\"elementor-button-content-wrapper\">\n\t\t\t\t\t\t\t\t\t<span class=\"elementor-button-text\">Volver a hacer el Test<\/span>\n\t\t\t\t\t<\/span>\n\t\t\t\t\t<\/a>\n\t\t\t\t<\/div>\n\t\t\t\t\t\t\t\t<\/div>\n\t\t\t\t<\/div>\n\t\t\t\t\t<\/div>\n\t\t<\/div>\n\t\t\t\t\t<\/div>\n\t\t<\/section>\n\t\t\t\t<\/div>","protected":false},"excerpt":{"rendered":"<p>No Calificas para\u00a0 la ciudadan\u00eda. No reconocimiento de hijo dentro del primer a\u00f1o de vida.La ley Polaca establece que para que el hombre le transmita la ciudadan\u00eda a su hijo tiene que estar casado o m\u00ednimamente reconocer a su hijo como legitimo dentro del plazo m\u00e1ximo de 1 a\u00f1o, caso contrario la ciudadan\u00eda depende de [&hellip;]<\/p>","protected":false},"author":1,"featured_media":0,"parent":0,"menu_order":0,"comment_status":"closed","ping_status":"closed","template":"elementor_header_footer","meta":{"_joinchat":[],"footnotes":""},"class_list":["post-1365","page","type-page","status-publish","hentry"],"_links":{"self":[{"href":"https:\/\/mipasaportepolaco.com.ar\/en\/wp-json\/wp\/v2\/pages\/1365","targetHints":{"allow":["GET"]}}],"collection":[{"href":"https:\/\/mipasaportepolaco.com.ar\/en\/wp-json\/wp\/v2\/pages"}],"about":[{"href":"https:\/\/mipasaportepolaco.com.ar\/en\/wp-json\/wp\/v2\/types\/page"}],"author":[{"embeddable":true,"href":"https:\/\/mipasaportepolaco.com.ar\/en\/wp-json\/wp\/v2\/users\/1"}],"replies":[{"embeddable":true,"href":"https:\/\/mipasaportepolaco.com.ar\/en\/wp-json\/wp\/v2\/comments?post=1365"}],"version-history":[{"count":21,"href":"https:\/\/mipasaportepolaco.com.ar\/en\/wp-json\/wp\/v2\/pages\/1365\/revisions"}],"predecessor-version":[{"id":35871,"href":"https:\/\/mipasaportepolaco.com.ar\/en\/wp-json\/wp\/v2\/pages\/1365\/revisions\/35871"}],"wp:attachment":[{"href":"https:\/\/mipasaportepolaco.com.ar\/en\/wp-json\/wp\/v2\/media?parent=1365"}],"curies":[{"name":"wp","href":"https:\/\/api.w.org\/{rel}","templated":true}]}}