{"id":1446,"date":"2021-11-29T12:09:13","date_gmt":"2021-11-29T15:09:13","guid":{"rendered":"https:\/\/www.mipasaportepolaco.com\/?page_id=1446"},"modified":"2025-05-01T15:03:53","modified_gmt":"2025-05-01T18:03:53","slug":"menor-de-edad-acompanado-por-familiar","status":"publish","type":"page","link":"https:\/\/mipasaportepolaco.com.ar\/en\/menor-de-edad-acompanado-por-familiar\/","title":{"rendered":"Menor de Edad acompa\u00f1ado por familiar"},"content":{"rendered":"<div data-elementor-type=\"wp-page\" data-elementor-id=\"1446\" class=\"elementor elementor-1446\" data-elementor-post-type=\"page\">\n\t\t\t\t\t\t<section class=\"elementor-section elementor-top-section elementor-element elementor-element-79260611 elementor-section-boxed elementor-section-height-default elementor-section-height-default\" data-id=\"79260611\" data-element_type=\"section\">\n\t\t\t\t\t\t<div class=\"elementor-container elementor-column-gap-default\">\n\t\t\t\t\t<div class=\"elementor-column elementor-col-100 elementor-top-column elementor-element elementor-element-1b55899\" data-id=\"1b55899\" data-element_type=\"column\">\n\t\t\t<div class=\"elementor-widget-wrap elementor-element-populated\">\n\t\t\t\t\t\t<div class=\"elementor-element elementor-element-5233051a elementor-widget elementor-widget-text-editor\" data-id=\"5233051a\" data-element_type=\"widget\" data-widget_type=\"text-editor.default\">\n\t\t\t\t<div class=\"elementor-widget-container\">\n\t\t\t\t\t\t\t\t\tMenor de Edad acompa\u00f1ado por familiar\nTu \u201cancestro\u201d vino menor de edad por lo que su ciudadan\u00eda esta ligada al de su padre hasta que cumple 18 a\u00f1os. Por favor completa la evaluaci\u00f3n partiendo de su padre. Si era hijo\/a de madre soltera entonces completa la evaluaci\u00f3n por su madre.\t\t\t\t\t\t\t\t<\/div>\n\t\t\t\t<\/div>\n\t\t\t\t\t<\/div>\n\t\t<\/div>\n\t\t\t\t\t<\/div>\n\t\t<\/section>\n\t\t\t\t<section class=\"elementor-section elementor-top-section elementor-element elementor-element-233eb01 elementor-section-boxed elementor-section-height-default elementor-section-height-default\" data-id=\"233eb01\" data-element_type=\"section\">\n\t\t\t\t\t\t<div class=\"elementor-container elementor-column-gap-default\">\n\t\t\t\t\t<div class=\"elementor-column elementor-col-100 elementor-top-column elementor-element elementor-element-658987d\" data-id=\"658987d\" data-element_type=\"column\">\n\t\t\t<div class=\"elementor-widget-wrap elementor-element-populated\">\n\t\t\t\t\t\t<div class=\"elementor-element elementor-element-8ff0ec0 elementor-widget elementor-widget-text-editor\" data-id=\"8ff0ec0\" data-element_type=\"widget\" data-widget_type=\"text-editor.default\">\n\t\t\t\t<div class=\"elementor-widget-container\">\n\t\t\t\t\t\t\t\t\t<p>Si tenes otro familiar Polaco podes volver a realizar el Test a trav\u00e9s de otra linea familiar.<\/p>\t\t\t\t\t\t\t\t<\/div>\n\t\t\t\t<\/div>\n\t\t\t\t\t<\/div>\n\t\t<\/div>\n\t\t\t\t\t<\/div>\n\t\t<\/section>\n\t\t\t\t<section class=\"elementor-section elementor-top-section elementor-element elementor-element-cdfb944 elementor-section-boxed elementor-section-height-default elementor-section-height-default\" data-id=\"cdfb944\" data-element_type=\"section\">\n\t\t\t\t\t\t<div class=\"elementor-container elementor-column-gap-default\">\n\t\t\t\t\t<div class=\"elementor-column elementor-col-100 elementor-top-column elementor-element elementor-element-1b1f168\" data-id=\"1b1f168\" data-element_type=\"column\">\n\t\t\t<div class=\"elementor-widget-wrap elementor-element-populated\">\n\t\t\t\t\t\t<div class=\"elementor-element elementor-element-db46ec7 elementor-align-center elementor-widget elementor-widget-button\" data-id=\"db46ec7\" data-element_type=\"widget\" data-widget_type=\"button.default\">\n\t\t\t\t<div class=\"elementor-widget-container\">\n\t\t\t\t\t\t\t\t\t<div class=\"elementor-button-wrapper\">\n\t\t\t\t\t<a class=\"elementor-button elementor-button-link elementor-size-sm\" href=\"https:\/\/mipasaportepolaco.com.ar\/en\/test-especifico\/\">\n\t\t\t\t\t\t<span class=\"elementor-button-content-wrapper\">\n\t\t\t\t\t\t\t\t\t<span class=\"elementor-button-text\">Volver a hacer el Test<\/span>\n\t\t\t\t\t<\/span>\n\t\t\t\t\t<\/a>\n\t\t\t\t<\/div>\n\t\t\t\t\t\t\t\t<\/div>\n\t\t\t\t<\/div>\n\t\t\t\t\t<\/div>\n\t\t<\/div>\n\t\t\t\t\t<\/div>\n\t\t<\/section>\n\t\t\t\t<\/div>","protected":false},"excerpt":{"rendered":"<p>Menor de Edad acompa\u00f1ado por familiar Tu \u201cancestro\u201d vino menor de edad por lo que su ciudadan\u00eda esta ligada al de su padre hasta que cumple 18 a\u00f1os. Por favor completa la evaluaci\u00f3n partiendo de su padre. Si era hijo\/a de madre soltera entonces completa la evaluaci\u00f3n por su madre. Si tenes otro familiar Polaco [&hellip;]<\/p>","protected":false},"author":1,"featured_media":0,"parent":0,"menu_order":0,"comment_status":"closed","ping_status":"closed","template":"elementor_header_footer","meta":{"_joinchat":[],"footnotes":""},"class_list":["post-1446","page","type-page","status-publish","hentry"],"_links":{"self":[{"href":"https:\/\/mipasaportepolaco.com.ar\/en\/wp-json\/wp\/v2\/pages\/1446","targetHints":{"allow":["GET"]}}],"collection":[{"href":"https:\/\/mipasaportepolaco.com.ar\/en\/wp-json\/wp\/v2\/pages"}],"about":[{"href":"https:\/\/mipasaportepolaco.com.ar\/en\/wp-json\/wp\/v2\/types\/page"}],"author":[{"embeddable":true,"href":"https:\/\/mipasaportepolaco.com.ar\/en\/wp-json\/wp\/v2\/users\/1"}],"replies":[{"embeddable":true,"href":"https:\/\/mipasaportepolaco.com.ar\/en\/wp-json\/wp\/v2\/comments?post=1446"}],"version-history":[{"count":6,"href":"https:\/\/mipasaportepolaco.com.ar\/en\/wp-json\/wp\/v2\/pages\/1446\/revisions"}],"predecessor-version":[{"id":35219,"href":"https:\/\/mipasaportepolaco.com.ar\/en\/wp-json\/wp\/v2\/pages\/1446\/revisions\/35219"}],"wp:attachment":[{"href":"https:\/\/mipasaportepolaco.com.ar\/en\/wp-json\/wp\/v2\/media?parent=1446"}],"curies":[{"name":"wp","href":"https:\/\/api.w.org\/{rel}","templated":true}]}}