{"id":35000,"date":"2023-05-23T20:13:54","date_gmt":"2023-05-23T23:13:54","guid":{"rendered":"https:\/\/www.mipasaportepolaco.com\/?page_id=35000"},"modified":"2024-03-26T19:53:54","modified_gmt":"2024-03-26T19:53:54","slug":"testimoniales","status":"publish","type":"page","link":"https:\/\/mipasaportepolaco.com.ar\/en\/testimoniales\/","title":{"rendered":"Testimoniales"},"content":{"rendered":"<div data-elementor-type=\"wp-page\" data-elementor-id=\"35000\" class=\"elementor elementor-35000\" data-elementor-post-type=\"page\">\n\t\t\t\t\t\t<section class=\"elementor-section elementor-top-section elementor-element elementor-element-7a411e61 elementor-section-stretched elementor-section-boxed elementor-section-height-default elementor-section-height-default\" data-id=\"7a411e61\" data-element_type=\"section\" data-settings=\"{&quot;stretch_section&quot;:&quot;section-stretched&quot;}\">\n\t\t\t\t\t\t<div class=\"elementor-container elementor-column-gap-default\">\n\t\t\t\t\t<div class=\"elementor-column elementor-col-100 elementor-top-column elementor-element elementor-element-3a23ff3f\" data-id=\"3a23ff3f\" data-element_type=\"column\">\n\t\t\t<div class=\"elementor-widget-wrap elementor-element-populated\">\n\t\t\t\t\t\t<div class=\"elementor-element elementor-element-bcfda18 elementor-widget elementor-widget-heading\" data-id=\"bcfda18\" data-element_type=\"widget\" data-widget_type=\"heading.default\">\n\t\t\t\t<div class=\"elementor-widget-container\">\n\t\t\t\t\t<h2 class=\"elementor-heading-title elementor-size-default\">Testimoniales<\/h2>\t\t\t\t<\/div>\n\t\t\t\t<\/div>\n\t\t\t\t<div class=\"elementor-element elementor-element-352a8c8b elementor-widget elementor-widget-text-editor\" data-id=\"352a8c8b\" data-element_type=\"widget\" data-widget_type=\"text-editor.default\">\n\t\t\t\t<div class=\"elementor-widget-container\">\n\t\t\t\t\t\t\t\t\t<h2>Nuestros Clientes<\/h2><p>Estos son algunos de nuestros clientes que ayudamos a obtener su ciudadan\u00eda polaca gracias a nuestros servicios, somos la empresa de gestion de tramites para la obtenci\u00f3n de ciudadan\u00eda polaca m\u00e1s grande de Sudam\u00e9rica.<\/p><p><span style=\"font-family: Roboto, sans-serif; font-size: 16px; font-style: normal; font-variant-ligatures: normal; font-variant-caps: normal; font-weight: 400;\">Si tenes parientes polacos y queres que te ayudemos a gestionar tu ciudadan\u00eda polaca podes consultarnos por tu caso individual para confirmar tu elegibilidad con certeza.\u00a0<\/span><\/p><p><span style=\"font-family: Roboto, sans-serif; font-size: 16px; font-style: normal; font-variant-ligatures: normal; font-variant-caps: normal; font-weight: 400;\">Mientras tanto podes completar la evaluaci\u00f3n de ciudadan\u00eda polaca\u00a0<\/span><a style=\"font-variant-ligatures: normal; font-variant-caps: normal; font-family: Roboto, sans-serif; font-size: 16px; font-style: normal; font-weight: 400; background-color: #ffffff;\" href=\"https:\/\/www.mipasaportepolaco.com\/#calificacion\" target=\"_blank\" rel=\"noopener\"><span style=\"font-size: 16px; text-decoration-line: underline;\"><span style=\"font-size: 16px; font-weight: 600;\"><span style=\"font-size: 16px; color: #00ccff;\">ACA<\/span><\/span><\/span>\u00a0<\/a><span style=\"font-family: Roboto, sans-serif; font-size: 16px; font-style: normal; font-variant-ligatures: normal; font-variant-caps: normal; font-weight: 400;\">y ponerte en contacto para analizar la factibilidad de obtener tu ciudadan\u00eda polaca.<\/span><\/p>\t\t\t\t\t\t\t\t<\/div>\n\t\t\t\t<\/div>\n\t\t\t\t<div class=\"elementor-element elementor-element-357d11b5 elementor-align-center elementor-widget elementor-widget-button\" data-id=\"357d11b5\" data-element_type=\"widget\" data-widget_type=\"button.default\">\n\t\t\t\t<div class=\"elementor-widget-container\">\n\t\t\t\t\t\t\t\t\t<div class=\"elementor-button-wrapper\">\n\t\t\t\t\t<a class=\"elementor-button elementor-button-link elementor-size-sm\" href=\"https:\/\/www.mipasaportepolaco.com\/#calificacion\" target=\"_blank\" rel=\"noopener\">\n\t\t\t\t\t\t<span class=\"elementor-button-content-wrapper\">\n\t\t\t\t\t\t\t\t\t<span class=\"elementor-button-text\">Califico para la Ciudadan\u00eda?<\/span>\n\t\t\t\t\t<\/span>\n\t\t\t\t\t<\/a>\n\t\t\t\t<\/div>\n\t\t\t\t\t\t\t\t<\/div>\n\t\t\t\t<\/div>\n\t\t\t\t<div class=\"elementor-element elementor-element-58ab5366 elementor-widget elementor-widget-image-gallery\" data-id=\"58ab5366\" data-element_type=\"widget\" data-widget_type=\"image-gallery.default\">\n\t\t\t\t<div class=\"elementor-widget-container\">\n\t\t\t\t\t\t\t<div class=\"elementor-image-gallery\">\n\t\t\t\t\t<\/div>\n\t\t\t\t\t\t<\/div>\n\t\t\t\t<\/div>\n\t\t\t\t\t<\/div>\n\t\t<\/div>\n\t\t\t\t\t<\/div>\n\t\t<\/section>\n\t\t\t\t<\/div>","protected":false},"excerpt":{"rendered":"<p>Testimoniales Nuestros Clientes Estos son algunos de nuestros clientes que ayudamos a obtener su ciudadan\u00eda polaca gracias a nuestros servicios, somos la empresa de gestion de tramites para la obtenci\u00f3n de ciudadan\u00eda polaca m\u00e1s grande de Sudam\u00e9rica. Si tenes parientes polacos y queres que te ayudemos a gestionar tu ciudadan\u00eda polaca podes consultarnos por tu [&hellip;]<\/p>","protected":false},"author":1,"featured_media":0,"parent":0,"menu_order":0,"comment_status":"closed","ping_status":"closed","template":"","meta":{"_joinchat":[],"footnotes":""},"class_list":["post-35000","page","type-page","status-publish","hentry"],"_links":{"self":[{"href":"https:\/\/mipasaportepolaco.com.ar\/en\/wp-json\/wp\/v2\/pages\/35000","targetHints":{"allow":["GET"]}}],"collection":[{"href":"https:\/\/mipasaportepolaco.com.ar\/en\/wp-json\/wp\/v2\/pages"}],"about":[{"href":"https:\/\/mipasaportepolaco.com.ar\/en\/wp-json\/wp\/v2\/types\/page"}],"author":[{"embeddable":true,"href":"https:\/\/mipasaportepolaco.com.ar\/en\/wp-json\/wp\/v2\/users\/1"}],"replies":[{"embeddable":true,"href":"https:\/\/mipasaportepolaco.com.ar\/en\/wp-json\/wp\/v2\/comments?post=35000"}],"version-history":[{"count":4,"href":"https:\/\/mipasaportepolaco.com.ar\/en\/wp-json\/wp\/v2\/pages\/35000\/revisions"}],"predecessor-version":[{"id":35438,"href":"https:\/\/mipasaportepolaco.com.ar\/en\/wp-json\/wp\/v2\/pages\/35000\/revisions\/35438"}],"wp:attachment":[{"href":"https:\/\/mipasaportepolaco.com.ar\/en\/wp-json\/wp\/v2\/media?parent=35000"}],"curies":[{"name":"wp","href":"https:\/\/api.w.org\/{rel}","templated":true}]}}