{"id":35300,"date":"2023-08-11T21:57:47","date_gmt":"2023-08-11T21:57:47","guid":{"rendered":"https:\/\/mipasaportepolaco.com.ar\/?page_id=35300"},"modified":"2024-07-29T17:58:20","modified_gmt":"2024-07-29T20:58:20","slug":"solicita-un-turno-para-iniciar-tu-tramite","status":"publish","type":"page","link":"https:\/\/mipasaportepolaco.com.ar\/en\/solicita-un-turno-para-iniciar-tu-tramite\/","title":{"rendered":"Turno para Iniciar tu tramite"},"content":{"rendered":"<div data-elementor-type=\"wp-page\" data-elementor-id=\"35300\" class=\"elementor elementor-35300\" data-elementor-post-type=\"page\">\n\t\t\t\t\t\t<section class=\"elementor-section elementor-top-section elementor-element elementor-element-70b3f2eb elementor-section-boxed elementor-section-height-default elementor-section-height-default\" data-id=\"70b3f2eb\" data-element_type=\"section\">\n\t\t\t\t\t\t<div class=\"elementor-container elementor-column-gap-default\">\n\t\t\t\t\t<div class=\"elementor-column elementor-col-100 elementor-top-column elementor-element elementor-element-1d5d9a03\" data-id=\"1d5d9a03\" data-element_type=\"column\">\n\t\t\t<div class=\"elementor-widget-wrap elementor-element-populated\">\n\t\t\t\t\t\t<div class=\"elementor-element elementor-element-58ba1c76 elementor-widget elementor-widget-text-editor\" data-id=\"58ba1c76\" data-element_type=\"widget\" data-widget_type=\"text-editor.default\">\n\t\t\t\t<div class=\"elementor-widget-container\">\n\t\t\t\t\t\t\t\t\t<p><\/p>\n<p>Solicita tu turno para obtener tu ciudadan\u00eda!<\/p>\n<p><\/p>\t\t\t\t\t\t\t\t<\/div>\n\t\t\t\t<\/div>\n\t\t\t\t<div class=\"elementor-element elementor-element-28ab3462 elementor-widget elementor-widget-text-editor\" data-id=\"28ab3462\" data-element_type=\"widget\" data-widget_type=\"text-editor.default\">\n\t\t\t\t<div class=\"elementor-widget-container\">\n\t\t\t\t\t\t\t\t\tTe invitamos a reservar<br \/>una entrevista telef\u00f3nica gratuita para hablar sobre los detalles de tu caso y poder presupuestar la gesti\u00f3n.<br \/><h2>El turno lo reservas ac\u00e1 mismo en esta web.<br \/><\/h2>Es importante tener todos los documentos que dispongas a mano para poder contestar<br \/>las preguntas que surjan de los datos que proporcionaste en la evaluaci\u00f3n.<\/h2>\t\t\t\t\t\t\t\t<\/div>\n\t\t\t\t<\/div>\n\t\t\t\t\t<\/div>\n\t\t<\/div>\n\t\t\t\t\t<\/div>\n\t\t<\/section>\n\t\t\t\t<section class=\"elementor-section elementor-top-section elementor-element elementor-element-2dd301da elementor-section-boxed elementor-section-height-default elementor-section-height-default\" data-id=\"2dd301da\" data-element_type=\"section\">\n\t\t\t\t\t\t<div class=\"elementor-container elementor-column-gap-default\">\n\t\t\t\t\t<div class=\"elementor-column elementor-col-100 elementor-top-column elementor-element elementor-element-21b5d056\" data-id=\"21b5d056\" data-element_type=\"column\">\n\t\t\t<div class=\"elementor-widget-wrap elementor-element-populated\">\n\t\t\t\t\t\t<div class=\"elementor-element elementor-element-121dacad elementor-align-center elementor-widget elementor-widget-button\" data-id=\"121dacad\" data-element_type=\"widget\" data-widget_type=\"button.default\">\n\t\t\t\t<div class=\"elementor-widget-container\">\n\t\t\t\t\t\t\t\t\t<div class=\"elementor-button-wrapper\">\n\t\t\t\t\t<a class=\"elementor-button elementor-button-link elementor-size-sm\" href=\"https:\/\/mipasaportepolaco.com\/turnos\" target=\"_blank\" rel=\"noopener\">\n\t\t\t\t\t\t<span class=\"elementor-button-content-wrapper\">\n\t\t\t\t\t\t\t\t\t<span class=\"elementor-button-text\">SOLICITAR TURNO AC\u00c1<\/span>\n\t\t\t\t\t<\/span>\n\t\t\t\t\t<\/a>\n\t\t\t\t<\/div>\n\t\t\t\t\t\t\t\t<\/div>\n\t\t\t\t<\/div>\n\t\t\t\t\t<\/div>\n\t\t<\/div>\n\t\t\t\t\t<\/div>\n\t\t<\/section>\n\t\t\t\t<\/div>","protected":false},"excerpt":{"rendered":"<p>Solicita tu turno para obtener tu ciudadan\u00eda! Te invitamos a reservaruna entrevista telef\u00f3nica gratuita para hablar sobre los detalles de tu caso y poder presupuestar la gesti\u00f3n. El turno lo reservas ac\u00e1 mismo en esta web. Es importante tener todos los documentos que dispongas a mano para poder contestarlas preguntas que surjan de los datos [&hellip;]<\/p>","protected":false},"author":1,"featured_media":0,"parent":0,"menu_order":0,"comment_status":"closed","ping_status":"closed","template":"elementor_header_footer","meta":{"_joinchat":[],"footnotes":""},"class_list":["post-35300","page","type-page","status-publish","hentry"],"_links":{"self":[{"href":"https:\/\/mipasaportepolaco.com.ar\/en\/wp-json\/wp\/v2\/pages\/35300","targetHints":{"allow":["GET"]}}],"collection":[{"href":"https:\/\/mipasaportepolaco.com.ar\/en\/wp-json\/wp\/v2\/pages"}],"about":[{"href":"https:\/\/mipasaportepolaco.com.ar\/en\/wp-json\/wp\/v2\/types\/page"}],"author":[{"embeddable":true,"href":"https:\/\/mipasaportepolaco.com.ar\/en\/wp-json\/wp\/v2\/users\/1"}],"replies":[{"embeddable":true,"href":"https:\/\/mipasaportepolaco.com.ar\/en\/wp-json\/wp\/v2\/comments?post=35300"}],"version-history":[{"count":25,"href":"https:\/\/mipasaportepolaco.com.ar\/en\/wp-json\/wp\/v2\/pages\/35300\/revisions"}],"predecessor-version":[{"id":35512,"href":"https:\/\/mipasaportepolaco.com.ar\/en\/wp-json\/wp\/v2\/pages\/35300\/revisions\/35512"}],"wp:attachment":[{"href":"https:\/\/mipasaportepolaco.com.ar\/en\/wp-json\/wp\/v2\/media?parent=35300"}],"curies":[{"name":"wp","href":"https:\/\/api.w.org\/{rel}","templated":true}]}}