{"id":35773,"date":"2025-01-22T11:14:31","date_gmt":"2025-01-22T14:14:31","guid":{"rendered":"https:\/\/mipasaportepolaco.com.ar\/?page_id=35773"},"modified":"2025-04-25T18:48:31","modified_gmt":"2025-04-25T21:48:31","slug":"descarga-gratis-el-ebook","status":"publish","type":"page","link":"https:\/\/mipasaportepolaco.com.ar\/en\/descarga-gratis-el-ebook\/","title":{"rendered":"Descarga el ebook"},"content":{"rendered":"<div data-elementor-type=\"wp-page\" data-elementor-id=\"35773\" class=\"elementor elementor-35773\" data-elementor-post-type=\"page\">\n\t\t\t\t\t\t<section class=\"elementor-section elementor-top-section elementor-element elementor-element-11109e6 elementor-section-content-middle elementor-section-boxed elementor-section-height-default elementor-section-height-default\" data-id=\"11109e6\" data-element_type=\"section\">\n\t\t\t\t\t\t<div class=\"elementor-container elementor-column-gap-default\">\n\t\t\t\t\t<div class=\"elementor-column elementor-col-50 elementor-top-column elementor-element elementor-element-599b185a\" data-id=\"599b185a\" data-element_type=\"column\">\n\t\t\t<div class=\"elementor-widget-wrap elementor-element-populated\">\n\t\t\t\t\t\t<div class=\"elementor-element elementor-element-416dff76 elementor-widget elementor-widget-image\" data-id=\"416dff76\" data-element_type=\"widget\" data-widget_type=\"image.default\">\n\t\t\t\t<div class=\"elementor-widget-container\">\n\t\t\t\t\t\t\t\t\t\t\t\t\t\t\t<img fetchpriority=\"high\" decoding=\"async\" width=\"800\" height=\"1000\" src=\"https:\/\/mipasaportepolaco.com.ar\/wp-content\/uploads\/2025\/01\/WhatsApp-Image-2025-01-22-at-11.13.25-819x1024.jpeg\" class=\"attachment-large size-large wp-image-35784\" alt=\"\" srcset=\"https:\/\/mipasaportepolaco.com.ar\/wp-content\/uploads\/2025\/01\/WhatsApp-Image-2025-01-22-at-11.13.25-819x1024.jpeg 819w, https:\/\/mipasaportepolaco.com.ar\/wp-content\/uploads\/2025\/01\/WhatsApp-Image-2025-01-22-at-11.13.25-240x300.jpeg 240w, https:\/\/mipasaportepolaco.com.ar\/wp-content\/uploads\/2025\/01\/WhatsApp-Image-2025-01-22-at-11.13.25-768x960.jpeg 768w, https:\/\/mipasaportepolaco.com.ar\/wp-content\/uploads\/2025\/01\/WhatsApp-Image-2025-01-22-at-11.13.25-10x12.jpeg 10w, https:\/\/mipasaportepolaco.com.ar\/wp-content\/uploads\/2025\/01\/WhatsApp-Image-2025-01-22-at-11.13.25.jpeg 1080w\" sizes=\"(max-width: 800px) 100vw, 800px\" title=\"\">\t\t\t\t\t\t\t\t\t\t\t\t\t\t\t<\/div>\n\t\t\t\t<\/div>\n\t\t\t\t\t<\/div>\n\t\t<\/div>\n\t\t\t\t<div class=\"elementor-column elementor-col-50 elementor-top-column elementor-element elementor-element-3d863459\" data-id=\"3d863459\" data-element_type=\"column\">\n\t\t\t<div class=\"elementor-widget-wrap elementor-element-populated\">\n\t\t\t\t\t\t<div class=\"elementor-element elementor-element-4e757f7b elementor-widget elementor-widget-heading\" data-id=\"4e757f7b\" data-element_type=\"widget\" data-widget_type=\"heading.default\">\n\t\t\t\t<div class=\"elementor-widget-container\">\n\t\t\t\t\t<h2 class=\"elementor-heading-title elementor-size-default\">Descarga Gratis: Gu\u00eda para Obtener tu Ciudadan\u00eda y Pasaporte Polaco <\/h2>\t\t\t\t<\/div>\n\t\t\t\t<\/div>\n\t\t\t\t<div class=\"elementor-element elementor-element-2e7d9e00 elementor-form elementor-button-align-stretch elementor-widget elementor-widget-form\" data-id=\"2e7d9e00\" data-element_type=\"widget\" data-settings=\"{&quot;step_next_label&quot;:&quot;Next&quot;,&quot;step_previous_label&quot;:&quot;Previous&quot;,&quot;button_width&quot;:&quot;100&quot;,&quot;step_type&quot;:&quot;number_text&quot;,&quot;step_icon_shape&quot;:&quot;circle&quot;}\" data-widget_type=\"form.default\">\n\t\t\t\t<div class=\"elementor-widget-container\">\n\t\t\t\t\t\t\t<form class=\"elementor-form\" method=\"post\" name=\"New Form\" action=\"\">\n\t\t\t<input type=\"hidden\" name=\"post_id\" value=\"35773\"\/>\n\t\t\t<input type=\"hidden\" name=\"form_id\" value=\"2e7d9e00\"\/>\n\t\t\t<input type=\"hidden\" name=\"referer_title\" value=\"\" \/>\n\n\t\t\t\n\t\t\t<div class=\"elementor-form-fields-wrapper elementor-labels-above\">\n\t\t\t\t\t\t\t\t<div class=\"elementor-field-type-text elementor-field-group elementor-column elementor-field-group-name elementor-col-50 elementor-field-required\">\n\t\t\t\t\t\t\t\t\t\t\t\t\t<input size=\"1\" type=\"text\" name=\"form_fields[name]\" id=\"form-field-name\" class=\"elementor-field elementor-size-sm  elementor-field-textual\" placeholder=\"Name\" required=\"required\">\n\t\t\t\t\t\t\t\t\t\t\t<\/div>\n\t\t\t\t\t\t\t\t<div class=\"elementor-field-type-email elementor-field-group elementor-column elementor-field-group-email elementor-col-50 elementor-field-required\">\n\t\t\t\t\t\t\t\t\t\t\t\t\t<input size=\"1\" type=\"email\" name=\"form_fields[email]\" id=\"form-field-email\" class=\"elementor-field elementor-size-sm  elementor-field-textual\" placeholder=\"E-mail\" required=\"required\">\n\t\t\t\t\t\t\t\t\t\t\t<\/div>\n\t\t\t\t\t\t\t\t<div class=\"elementor-field-group elementor-column elementor-field-type-submit elementor-col-100 e-form__buttons\">\n\t\t\t\t\t<button class=\"elementor-button elementor-size-sm\" type=\"submit\">\n\t\t\t\t\t\t<span class=\"elementor-button-content-wrapper\">\n\t\t\t\t\t\t\t\t\t\t\t\t\t\t\t\t\t\t\t\t\t\t<span class=\"elementor-button-text\">Descargar<\/span>\n\t\t\t\t\t\t\t\t\t\t\t\t\t<\/span>\n\t\t\t\t\t<\/button>\n\t\t\t\t<\/div>\n\t\t\t<\/div>\n\t\t<input type=\"hidden\" name=\"trp-form-language\" value=\"en\"\/><\/form>\n\t\t\t\t\t\t<\/div>\n\t\t\t\t<\/div>\n\t\t\t\t<div class=\"elementor-element elementor-element-507356d1 elementor-widget elementor-widget-text-editor\" data-id=\"507356d1\" data-element_type=\"widget\" data-widget_type=\"text-editor.default\">\n\t\t\t\t<div class=\"elementor-widget-container\">\n\t\t\t\t\t\t\t\t\t<p>Descubr\u00ed si podes obtener tu ciudadan\u00eda polaca y c\u00f3mo hacerlo f\u00e1cilmente. Aprende sobre los requisitos, documentos necesarios y consejos clave.<\/p><p>\u00bfTenes dudas? Reserva un turno <strong>free<\/strong> en <a href=\"https:\/\/mipasaportepolaco.com\/turnos\" target=\"_new\" rel=\"noopener\">mipasaportepolaco.com\/turnos<\/a> y recibe asesoramiento personalizado.<\/p><p>\u00a0<\/p>\t\t\t\t\t\t\t\t<\/div>\n\t\t\t\t<\/div>\n\t\t\t\t\t<\/div>\n\t\t<\/div>\n\t\t\t\t\t<\/div>\n\t\t<\/section>\n\t\t\t\t<\/div>","protected":false},"excerpt":{"rendered":"<p>Descarga Gratis: Gu\u00eda para Obtener tu Ciudadan\u00eda y Pasaporte Polaco Descubr\u00ed si podes obtener tu ciudadan\u00eda polaca y c\u00f3mo hacerlo f\u00e1cilmente. Aprende sobre los requisitos, documentos necesarios y consejos clave. \u00bfTenes dudas? Reserva un turno gratis en mipasaportepolaco.com\/turnos y recibe asesoramiento personalizado. \u00a0<\/p>","protected":false},"author":1,"featured_media":0,"parent":0,"menu_order":0,"comment_status":"closed","ping_status":"closed","template":"elementor_header_footer","meta":{"_joinchat":[],"footnotes":""},"class_list":["post-35773","page","type-page","status-publish","hentry"],"_links":{"self":[{"href":"https:\/\/mipasaportepolaco.com.ar\/en\/wp-json\/wp\/v2\/pages\/35773","targetHints":{"allow":["GET"]}}],"collection":[{"href":"https:\/\/mipasaportepolaco.com.ar\/en\/wp-json\/wp\/v2\/pages"}],"about":[{"href":"https:\/\/mipasaportepolaco.com.ar\/en\/wp-json\/wp\/v2\/types\/page"}],"author":[{"embeddable":true,"href":"https:\/\/mipasaportepolaco.com.ar\/en\/wp-json\/wp\/v2\/users\/1"}],"replies":[{"embeddable":true,"href":"https:\/\/mipasaportepolaco.com.ar\/en\/wp-json\/wp\/v2\/comments?post=35773"}],"version-history":[{"count":13,"href":"https:\/\/mipasaportepolaco.com.ar\/en\/wp-json\/wp\/v2\/pages\/35773\/revisions"}],"predecessor-version":[{"id":35787,"href":"https:\/\/mipasaportepolaco.com.ar\/en\/wp-json\/wp\/v2\/pages\/35773\/revisions\/35787"}],"wp:attachment":[{"href":"https:\/\/mipasaportepolaco.com.ar\/en\/wp-json\/wp\/v2\/media?parent=35773"}],"curies":[{"name":"wp","href":"https:\/\/api.w.org\/{rel}","templated":true}]}}