{"id":49,"date":"2020-06-04T01:52:04","date_gmt":"2020-06-04T01:52:04","guid":{"rendered":"https:\/\/www.mipasaportepolaco.com\/?page_id=3"},"modified":"2024-03-26T19:50:48","modified_gmt":"2024-03-26T19:50:48","slug":"politica-de-privacidad","status":"publish","type":"page","link":"https:\/\/mipasaportepolaco.com.ar\/en\/politica-de-privacidad\/","title":{"rendered":"POL\u00cdTICA DE PRIVACIDAD"},"content":{"rendered":"<div data-elementor-type=\"wp-page\" data-elementor-id=\"49\" class=\"elementor elementor-49\" data-elementor-post-type=\"page\">\n\t\t\t\t\t\t<section class=\"elementor-section elementor-top-section elementor-element elementor-element-942b28a elementor-section-boxed elementor-section-height-default elementor-section-height-default\" data-id=\"942b28a\" data-element_type=\"section\">\n\t\t\t\t\t\t<div class=\"elementor-container elementor-column-gap-default\">\n\t\t\t\t\t<div class=\"elementor-column elementor-col-100 elementor-top-column elementor-element elementor-element-2b5be0f\" data-id=\"2b5be0f\" data-element_type=\"column\">\n\t\t\t<div class=\"elementor-widget-wrap elementor-element-populated\">\n\t\t\t\t\t\t<div class=\"elementor-element elementor-element-33d06ee elementor-widget elementor-widget-text-editor\" data-id=\"33d06ee\" data-element_type=\"widget\" data-widget_type=\"text-editor.default\">\n\t\t\t\t<div class=\"elementor-widget-container\">\n\t\t\t\t\t\t\t\t\t<h1>POL\u00cdTICA DE PRIVACIDAD<\/h1><div class=\"lg:dh-description px-6 pb-10 prose-sm dark:text-primary-50 dark:bg-black lg:rounded-xl lg:p-14 lg:-mt-56\"><h2><strong>POL\u00cdTICA DE PRIVACIDAD<\/strong><\/h2><p><strong>1. INFORMACI\u00d3N DEL SITIO\/GENERALIDADES<\/strong><\/p><p>La presente Pol\u00edtica de Privacidad (en adelante, la \u201cPol\u00edtica\u201d) se aplica a la utilizaci\u00f3n de los datos personales de cualquier persona que visite o se registre (en adelante, el \u201cUsuario\u201d) en la URL: https:\/\/www.mipasaportepolaco.com (en adelante, el \u201cSitio\u201d), provista por Mi Pasaporte Polaco S.A. (en adelante, \u201cMi Pasaporte Polaco\u201d).<\/p><p>El Sitio tiene la funci\u00f3n principal de ofrecer al Usuario informaci\u00f3n relacionada a las capacitaciones que Mi Pasaporte Polaco provee Asesoramiento y gestion en tramitaci\u00f3n y b\u00fasqueda de informaci\u00f3n para tramitar la ciudadania polaca (en adelante, el \u201cServicio\u201d).<\/p><p>En caso de ser necesario, Mi Pasaporte Polaco podr\u00e1 complementar esta Pol\u00edtica con informaci\u00f3n y\/o t\u00e9rminos y condiciones espec\u00edficos con relaci\u00f3n al Servicio.<\/p><p><strong>AL ACCEDER, CONECTARSE O DE CUALQUIER OTRA FORMA UTILIZAR EL SITIO, EL USUARIO CONFIRMA QUE LEY\u00d3, ENTENDI\u00d3, CONSENTI\u00d3 Y ACEPT\u00d3 LOS T\u00c9RMINOS Y CONDICIONES DE ESTA POL\u00cdTICA DE PRIVACIDAD. SI NO EST\u00c1 DE ACUERDO CON LOS T\u00c9RMINOS DE ESTA POLITICA DE PRIVACIDAD, EL USUARIO NO DEBE UTILIZAR EL SITIO NI LOS CANALES DE COMUNICACI\u00d3N DE DIGITAL HOUSE.<\/strong><\/p><p><strong>2. CONTENIDO<\/strong><\/p><p>2.1. Entre otras cuestiones, esta Pol\u00edtica describe: (i) qui\u00e9n es Mi Pasaporte Polaco y qu\u00e9 es lo que hace; (ii) de qu\u00e9 manera comunicarse con Mi Pasaporte Polaco; (iii) qu\u00e9 datos personales recolecta Mi Pasaporte Polaco; (iv) cu\u00e1l es el tratamiento que se hace de los datos personales y las finalidades del mismo; (v) \u00a0con qui\u00e9n se comparte la informaci\u00f3n personal; (vi) transferencia de datos personales fuera de Argentina; (vii) Qu\u00e9 medidas toma Mi Pasaporte Polaco para garantizar la seguridad y confidencialidad de los datos; (viii) los derechos que le asisten al Usuario.<\/p><p><strong>3. RESPONSABLE DE TRATAMIENTO DE SUS DATOS PERSONALES<\/strong><\/p><p>3.1. Mi Pasaporte Polaco ser\u00e1 la sociedad responsable del tratamiento de los Datos Personales que el Usuario facilite en el Sitio, o que se recopilen o procesen en el Sitio. En cualquier caso, cualesquiera recopilaci\u00f3n, uso e informaci\u00f3n compartida en relaci\u00f3n con sus Datos Personales, el Usuario quedar\u00e1 sujeto a esta Pol\u00edtica, sus actualizaciones y la Pol\u00edtica de Cookies complementaria.<\/p><p>3.2. De acuerdo con los t\u00e9rminos de la Ley de Protecci\u00f3n de Datos Personales N\u00ba 25.326 (en adelante, la \u201cLPDP\u201d) y normativa complementaria, se le informa al Usuario que los datos recolectados forman parte de una base de datos de Mi Pasaporte Polaco, con domicilio en Corrientes 2783, Oficina 3B, C1046 debidamente registrada ante la Agencia de Acceso a la Informaci\u00f3n P\u00fablica (en adelante, \u201cAAIP\u201d).<\/p><p>3.3. Para Mi Pasaporte Polaco, la privacidad de los Datos Personales del Usuario es muy importante. En caso de que el Usuario tenga alguna duda acerca de la Pol\u00edtica o para ejercer los derechos m\u00e1s adelante expuestos (punto 12), podr\u00e1 ponerse en contacto con Mi Pasaporte Polaco en cualquier momento, enviando un correo electr\u00f3nico a <a href=\"mailto:mipasaportepolaco.com\"><strong>info@mipasaportepolaco.com<\/strong>.<\/a><\/p><p><strong>4. BASES LEGALES<\/strong><\/p><p>4.1. Mi Pasaporte Polaco procesa la informaci\u00f3n personal del Usuario sobre las siguientes bases legales, autorizadas bajo la LPDP y regulaci\u00f3n complementaria: (i) consentimiento libre, expreso e informado de los titulares de datos; (ii) cumplimiento de todo acuerdo contractual con los titulares de datos; (iii) cumplimiento de obligaciones legales; (iv) intereses leg\u00edtimos autorizados por la LPDP.<\/p><p><strong>5. QU\u00c9 DATOS PERSONALES SE RECOLECTAN<\/strong><\/p><p>5.1. A continuaci\u00f3n se detalla toda la informaci\u00f3n que Mi Pasaporte Polaco recolecta:<\/p><p>&#8211;\u00a0\u00a0\u00a0\u00a0\u00a0\u00a0\u00a0\u00a0\u00a0\u00a0<strong>Informaci\u00f3n facilitada por el Usuario<\/strong>: i) nombre y apellido; (ii) tel\u00e9fono, (iii) estado de residencia, (iv) e-mail y (v) curso.<\/p><p>&#8211;\u00a0\u00a0\u00a0\u00a0\u00a0\u00a0\u00a0\u00a0\u00a0\u00a0<strong>Informaci\u00f3n recopilada pasivamente<\/strong>: Cuando el Usuario accede al Sitio y\/o utiliza el Servicio, Mi Pasaporte Polaco podr\u00e1 recopilar y almacenar de forma autom\u00e1tica cierto tipo de informaci\u00f3n, tales como la direcci\u00f3n del protocolo de Internet (IP) de la computadora o dispositivo del Usuario y otra informaci\u00f3n t\u00e9cnica sobre el uso de la computadora o dispositivo, como el tipo y versi\u00f3n del navegador, la configuraci\u00f3n de la zona horaria, y el sistema operativo, ubicaciones geogr\u00e1ficas, sesiones de uso, permanencia en el Sitio, frecuencia de uso.<\/p><p>&#8211;\u00a0\u00a0\u00a0\u00a0\u00a0\u00a0\u00a0\u00a0\u00a0\u00a0<strong>Informaci\u00f3n proveniente de cookies y\/o cualquier otro m\u00e9todo de detecci\u00f3n de informaci\u00f3n automatizada provisto por las herramientas que ofrecen en el Sitio<\/strong>: La informaci\u00f3n que recopile Mi Pasaporte Polaco podr\u00e1 incluir el comportamiento de navegaci\u00f3n, direcci\u00f3n IP, logs, y otros tipos de informaci\u00f3n. Sin embargo, Mi Pasaporte Polaco no recolectar\u00e1 informaci\u00f3n personal identificable de manera directa de ning\u00fan Usuario usando cookies o cualquier otro m\u00e9todo de detecci\u00f3n de informaci\u00f3n automatizada provisto por las herramientas que ofrece el Sitio.<\/p><p><strong>6. FINALIDAD DE TRATAMIENTO DE LOS DATOS PERSONALES<\/strong><\/p><p>6.1. Mi Pasaporte Polaco trata la informaci\u00f3n personal del Usuario para las siguientes finalidades:<\/p><p>&#8211;\u00a0\u00a0\u00a0\u00a0\u00a0\u00a0\u00a0\u00a0\u00a0 Autorizar y administrar el acceso del Usuario al Sitio, verificar su identidad, autenticar sus visitas y proporcionarle el Servicio;<\/p><p>&#8211;\u00a0\u00a0\u00a0\u00a0\u00a0\u00a0\u00a0\u00a0\u00a0 Gestionar, analizar, desarrollar, personalizar y mejorar el Sitio y el Servicio;<\/p><p>&#8211;\u00a0\u00a0\u00a0\u00a0\u00a0\u00a0\u00a0\u00a0\u00a0 An\u00e1lisis a efectos de poder brindar al Usuario el Servicio, y mejorar el m\u00e9todo de pago;<\/p><p>&#8211;\u00a0\u00a0\u00a0\u00a0\u00a0\u00a0\u00a0\u00a0\u00a0 Enviar al Usuario notificaciones y novedades sobre la actualidad de Mi Pasaporte Polaco, sus servicios y eventos a trav\u00e9s cualquier medio, incluso cuando la relaci\u00f3n haya terminado, salvo que la persona interesada manifieste lo contrario;<\/p><p>&#8211;\u00a0\u00a0\u00a0\u00a0\u00a0\u00a0\u00a0\u00a0\u00a0 Facilitar el cumplimiento de obligaciones legales en caso de ser solicitadas por tribunales, u organismos estatales nacionales o internacionales que as\u00ed lo requieran y lo soliciten en la forma correspondiente.<\/p><p>&#8211;\u00a0\u00a0\u00a0\u00a0\u00a0\u00a0\u00a0\u00a0\u00a0 Obtener el diagn\u00f3stico de los eventuales problemas de conexi\u00f3n que puedan llegar a existir entre el Sitio y el Usuario, mejorando la calidad de los servicios.<\/p><p><strong>7. CON QUI\u00c9N SE COMPARTE LA INFORMACI\u00d3N PERSONAL<\/strong><\/p><p>7.1. Jam\u00e1s venderemos tu informaci\u00f3n personal sin tu consentimiento. Tampoco revelaremos a terceros tu informaci\u00f3n personal sin tu consentimiento, con las \u00fanicas excepciones de los supuestos previstos en esta Pol\u00edtica.<\/p><p>7.2. Podemos compartir tus datos personales con los siguientes terceros bajo las circunstancias detalladas debajo, siempre de conformidad con lo establecido en el Art\u00edculo 11 de la LPDP:<\/p><p>&#8211;\u00a0\u00a0\u00a0\u00a0\u00a0\u00a0\u00a0\u00a0\u00a0 Con entidades relacionadas a Mi Pasaporte Polaco.<\/p><p>&#8211;\u00a0\u00a0\u00a0\u00a0\u00a0\u00a0\u00a0\u00a0\u00a0 Con proveedores de servicios, siguiendo las instrucciones de Mi Pasaporte Polaco.<\/p><p>&#8211;\u00a0\u00a0\u00a0\u00a0\u00a0\u00a0\u00a0\u00a0\u00a0 Con autoridades gubernamentales o reguladoras, Juzgados, Tribunales u otras entidades u oficinas p\u00fablicas, si lo consideramos necesario, apropiado u obligatorio en virtud de la legislaci\u00f3n o regulaci\u00f3n aplicable.<\/p><p>&#8211;\u00a0\u00a0\u00a0\u00a0\u00a0\u00a0\u00a0\u00a0\u00a0 Con cualquier nueva entidad de Mi Pasaporte Polaco u otro tercero en caso de venta o fusi\u00f3n de Mi Pasaporte Polaco, o de una adquisici\u00f3n de los activos principales de Mi Pasaporte Polaco, o cualquier otra clase de transferencia de Mi Pasaporte Polaco a otra entidad.<\/p><p>7.3.En lo que respecta al tratamiento de datos personales de ciudadanos de la Uni\u00f3n Europea, Mi Pasaporte Polaco estar\u00e1 a los principios y obligaciones recogidas en el Reglamento UE 2016\/679, del Parlamento Europeo y del Consejo, de 27 de abril de 2016, relativo a la protecci\u00f3n de las personas f\u00edsicas en lo que respecta al tratamiento de datos personales y a la libre circulaci\u00f3n de estos datos (RGPD).<\/p><p>7.4. El Sitio podr\u00e1 contener enlaces a otros sitios de internet que no sean propiedad de Mi Pasaporte Polaco. En consecuencia, Mi Pasaporte Polaco no ser\u00e1 responsable por el actuar de dichos sitios de internet, a los cuales no se aplicar\u00e1 la presente Pol\u00edtica. Recomendamos examinar la pol\u00edtica de privacidad detallada en aquellos sitios de internet para entender los procedimientos de recolecci\u00f3n de informaci\u00f3n que utilizan y como protegen sus datos personales.<\/p><p><strong>8. TRANSFERENCIA INTERNACIONAL<\/strong><\/p><p>8.1. El Usuario declara comprender y consentir que sus datos personales pueden ser transferidos a pa\u00edses o jurisdicciones que pueden no tener el mismo nivel de normativa de protecci\u00f3n legal de datos personales que el que existe en Argentina y, en consecuencia, contar con una menor protecci\u00f3n. Cuando Mi Pasaporte PolacoE transfiere los datos personales a otros pa\u00edses, los protege en la forma descripta en este documento, implementando salvaguardas que garantizan un nivel adecuado de protecci\u00f3n de los datos que se transfieren fuera de la Argentina.<\/p><p>8.2. En lo que respecta al tratamiento de datos personales de ciudadanos de la Uni\u00f3n Europea (UE) y\/o Espacio Econ\u00f3mico Europeo, se informa que:<\/p><p>(i) Mi Pasaporte Polaco podr\u00e1 transferir los datos personales del Usuario del Sitio y los que se generen, en su caso, al utilizar el Sitio y\/o el Servicio a entidades situadas en el territorio de la Rep\u00fablica Argentina, siendo \u00e9ste, un pa\u00eds declarado por la Comisi\u00f3n Europea de nivel de protecci\u00f3n adecuada conforme a su Decisi\u00f3n 2003\/490\/CE, de 30 de junio de 2003.<\/p><p>(ii) Mi Pasaporte Polaco podr\u00e1 transferir los referidos Datos Personales a otras entidades situadas en terceros pa\u00edses que hayan sido declarados por la Comisi\u00f3n Europea de nivel de protecci\u00f3n adecuada o con las que se hayan suscrito acuerdos con las garant\u00edas adecuadas impuestas por las autoridades europeas.<\/p><p><strong>9. CONFIDENCIALIDAD Y SEGURIDAD DE LA INFORMACI\u00d3N<\/strong><\/p><p>9.1. Mi Pasaporte Polaco ha adoptado medidas de seguridad razonables para proteger la informaci\u00f3n de del Usuario e impedir el acceso no autorizado a sus datos o cualquier modificaci\u00f3n, divulgaci\u00f3n o destrucci\u00f3n no autorizada de los mismos, de acuerdo con la LPDP. La informaci\u00f3n recolectada por Mi Pasaporte Polaco ser\u00e1 mantenida de manera estrictamente confidencial. El acceso a los datos personales est\u00e1 restringido a aquellos empleados, contratistas, operadores, y representantes de Mi Pasaporte Polaco que necesitan conocer tales datos para desempe\u00f1ar sus funciones y desarrollar o mejorar nuestro Servicio. Mi Pasaporte Polaco exige a sus proveedores los mismos est\u00e1ndares de confidencialidad. Mi Pasaporte Polaco no permite el acceso a esta informaci\u00f3n a terceros ajenos a Mi Pasaporte Polaco, a excepci\u00f3n de un pedido expreso del Usuario.<\/p><p>9.2. Sin perjuicio de lo expuesto, considerando que internet es un sistema abierto, de acceso p\u00fablico, Mi Pasaporte Polaco no puede garantizar que terceros no autorizados no puedan eventualmente superar las medidas de seguridad y utilizar la informaci\u00f3n del Usuario en forma indebida. En todo caso, Mi Pasaporte Polaco mantiene planes de seguridad y de respuesta a incidentes para controlar incidentes relacionados con el acceso no autorizado a la informaci\u00f3n privada que recopila o almacena.<\/p><p><strong>10. CONSERVACI\u00d3N DE LA INFORMACI\u00d3N<\/strong><\/p><p>10.1. Mi Pasaporte Polaco conservar\u00e1 los datos personales por el tiempo que sea necesario para el cumplimiento de las finalidades por las que fueron recolectados, de conformidad con el Art. 4 de la LPDP. Ciertas categor\u00edas de datos personales pueden ser conservadas despu\u00e9s de que la finalidad principal del tratamiento haya sido cumplida: (i) por un plazo legal determinado en alguna norma aplicable; (ii) por el plazo de la prescripci\u00f3n para emprender acciones civiles, administrativas o penales, con el fin de asegurar el derecho de defensa de Mi Pasaporte Polaco.<\/p><p><strong>11. MENORES DE EDAD\u00a0<\/strong><\/p><p>11.1. El Sitio no est\u00e1 dirigido a menores de 18 a\u00f1os. Si el Usuario es menor de 18 a\u00f1os, no debe utilizar el Sitio ni proporcionar sus datos personales, salvo bajo autorizaci\u00f3n y consentimiento expreso de sus padres y\/o representantes legales.<\/p><p><strong>12. DERECHOS DEL USUARIO SOBRE LA INFORMACI\u00d3N<\/strong><\/p><p>12.1. De conformidad con los Art\u00edculos 14, 15 y 16 de la LPDP, el Usuario tiene los siguientes derechos con relaci\u00f3n a sus datos personales:<\/p><p>&#8211;\u00a0\u00a0\u00a0\u00a0\u00a0\u00a0\u00a0\u00a0\u00a0 Solicitar el acceso a sus datos.<\/p><p>&#8211;\u00a0\u00a0\u00a0\u00a0\u00a0\u00a0\u00a0\u00a0\u00a0 Rectificar datos incompletos o inexactos que se relacionen con su persona.<\/p><p>&#8211;\u00a0\u00a0\u00a0\u00a0\u00a0\u00a0\u00a0\u00a0\u00a0 Pedirle a Mi Pasaporte Polaco que elimine sus datos cuando no haya base legal para que sigan proces\u00e1ndolos.<\/p><p>&#8211;\u00a0\u00a0\u00a0\u00a0\u00a0\u00a0\u00a0\u00a0\u00a0 Retirar cualquier consentimiento que haya proporcionado para el tratamiento de tus datos personales.<\/p><p>12.2. Para ejercer cualquiera de los derechos expuestos, el Usuario puede contactarse con Mi Pasaporte Polaco enviando un correo electr\u00f3nico a <strong>info@mipasaportepolaco.com<\/strong>, indicando en el asunto \u201cLey N\u00b0 25.326 \u2013 Ejercicio derechos datos personales\u201d.<\/p><p>12.3. Es posible que, en ciertos casos, Mi Pasaporte Polaco deniegue las solicitudes si necesita preservar los datos para prestar un determinado servicio, proteger la seguridad o la funcionalidad de sus operaciones, cumplir con una obligaci\u00f3n legal o reglamentaria o por otros intereses leg\u00edtimos.<\/p><p>12.4. En lo que respecta al Usuario que sea ciudadano de la Uni\u00f3n Europea, \u00e9ste podr\u00e1 ejercer los siguientes derechos frente a Mi Pasaporte Polaco:<\/p><p>&#8211;\u00a0\u00a0\u00a0\u00a0\u00a0\u00a0\u00a0\u00a0\u00a0 Acceso: tiene derecho a acceder a su informaci\u00f3n para conocer qu\u00e9 datos personales en concreto Mi Pasaporte Polaco est\u00e1 tratando.<\/p><p>&#8211;\u00a0\u00a0\u00a0\u00a0\u00a0\u00a0\u00a0\u00a0\u00a0 Rectificaci\u00f3n: tiene derecho a rectificar aquellos datos personales inexactos que Mi Pasaporte Polaco est\u00e1 tratando.<\/p><p>&#8211;\u00a0\u00a0\u00a0\u00a0\u00a0\u00a0\u00a0\u00a0\u00a0 Supresi\u00f3n: tiene derecho a solicitar la supresi\u00f3n de aquellos datos personales que no desee que Mi Pasaporte Polaco siga tratando.<\/p><p>&#8211;\u00a0\u00a0\u00a0\u00a0\u00a0\u00a0\u00a0\u00a0\u00a0 Oposici\u00f3n: en determinadas circunstancias, y por motivos relacionados con su situaci\u00f3n particular, tiene derecho a oponerse a que Mi Pasaporte Polaco trate sus datos personales, en cuyo caso se mantendr\u00e1n bloqueados durante el plazo descrito anteriormente.<\/p><p>&#8211;\u00a0\u00a0\u00a0\u00a0\u00a0\u00a0\u00a0\u00a0\u00a0 Limitaci\u00f3n del tratamiento: tiene derecho a solicitar la limitaci\u00f3n del tratamiento de sus datos personales a aquellas finalidades concretas que desee.<\/p><p>&#8211;\u00a0\u00a0\u00a0\u00a0\u00a0\u00a0\u00a0\u00a0\u00a0 Portabilidad: tiene derecho a recibir aquellos datos personales que le hubiera facilitado a Mi Pasaporte Polaco, en un formato estructurado, de uso com\u00fan y lectura mec\u00e1nica, y a que se los transmitan a otro responsable del tratamiento distinto de Mi Pasaporte Polaco.<\/p><p>Para ejercer cualquiera de ellos deber\u00e1 proceder al env\u00edo de un correo electr\u00f3nico a Mi Pasaporte Polaco a la siguiente direcci\u00f3n <strong>info@mipasaportepolaco.com<\/strong>\u00a0en el que adjunte una copia de su documento de identidad o Pasaporte.\u00a0 Si lo considera oportuno, el Usuario tambi\u00e9n puede presentar un reclamo ante la autoridad de control correspondiente.<\/p><p><strong>13. DENUNCIAS<\/strong><\/p><p>En cumplimiento de la Resoluci\u00f3n AAIP N\u00ba 14\/2018, le hacemos saber al Usuario que la Agencia de Acceso a la Informaci\u00f3n P\u00fablica, en su car\u00e1cter de \u00d3rgano de Control de la Ley N\u00b0 25.326, tiene la atribuci\u00f3n de atender las denuncias y reclamos que interpongan quienes resulten afectados en sus derechos por incumplimiento de las normas vigentes en materia de protecci\u00f3n de datos personales.<\/p><p><strong>14. MODIFICACI\u00d3N DE LA POL\u00cdTICA DE PRIVACIDAD<\/strong><\/p><p>Esta Pol\u00edtica est\u00e1 sujeta a cambios y actualizaciones. El Usuario debe revisar la Pol\u00edtica regularmente para asegurarse de que est\u00e1 familiarizado con su contenido.<\/p><p>La fecha de esta Pol\u00edtica de Privacidad es septiembre de 2022.<\/p><\/div>\t\t\t\t\t\t\t\t<\/div>\n\t\t\t\t<\/div>\n\t\t\t\t\t<\/div>\n\t\t<\/div>\n\t\t\t\t\t<\/div>\n\t\t<\/section>\n\t\t\t\t<\/div>","protected":false},"excerpt":{"rendered":"<p>POL\u00cdTICA DE PRIVACIDAD POL\u00cdTICA DE PRIVACIDAD 1. INFORMACI\u00d3N DEL SITIO\/GENERALIDADES La presente Pol\u00edtica de Privacidad (en adelante, la \u201cPol\u00edtica\u201d) se aplica a la utilizaci\u00f3n de los datos personales de cualquier persona que visite o se registre (en adelante, el \u201cUsuario\u201d) en la URL: https:\/\/www.mipasaportepolaco.com (en adelante, el \u201cSitio\u201d), provista por Mi Pasaporte Polaco S.A. (en [&hellip;]<\/p>","protected":false},"author":1,"featured_media":0,"parent":0,"menu_order":0,"comment_status":"closed","ping_status":"closed","template":"","meta":{"_joinchat":[],"footnotes":""},"class_list":["post-49","page","type-page","status-publish","hentry"],"_links":{"self":[{"href":"https:\/\/mipasaportepolaco.com.ar\/en\/wp-json\/wp\/v2\/pages\/49","targetHints":{"allow":["GET"]}}],"collection":[{"href":"https:\/\/mipasaportepolaco.com.ar\/en\/wp-json\/wp\/v2\/pages"}],"about":[{"href":"https:\/\/mipasaportepolaco.com.ar\/en\/wp-json\/wp\/v2\/types\/page"}],"author":[{"embeddable":true,"href":"https:\/\/mipasaportepolaco.com.ar\/en\/wp-json\/wp\/v2\/users\/1"}],"replies":[{"embeddable":true,"href":"https:\/\/mipasaportepolaco.com.ar\/en\/wp-json\/wp\/v2\/comments?post=49"}],"version-history":[{"count":4,"href":"https:\/\/mipasaportepolaco.com.ar\/en\/wp-json\/wp\/v2\/pages\/49\/revisions"}],"predecessor-version":[{"id":35425,"href":"https:\/\/mipasaportepolaco.com.ar\/en\/wp-json\/wp\/v2\/pages\/49\/revisions\/35425"}],"wp:attachment":[{"href":"https:\/\/mipasaportepolaco.com.ar\/en\/wp-json\/wp\/v2\/media?parent=49"}],"curies":[{"name":"wp","href":"https:\/\/api.w.org\/{rel}","templated":true}]}}